{"id":3611,"date":"2022-01-25T14:33:11","date_gmt":"2022-01-25T13:33:11","guid":{"rendered":"https:\/\/atomic-temporary-196510599.wpcomstaging.com\/?page_id=3611"},"modified":"2022-01-25T14:33:11","modified_gmt":"2022-01-25T13:33:11","slug":"privacy-policy-2","status":"publish","type":"page","link":"https:\/\/naturaspirituale.it\/index.php\/privacy-policy-2\/","title":{"rendered":"Privacy policy"},"content":{"rendered":"\n<div class=\"wp-block-group\"><div class=\"wp-block-group__inner-container is-layout-flow wp-block-group-is-layout-flow\">\n<blockquote class=\"wp-block-quote is-layout-flow wp-block-quote-is-layout-flow\">\n<p><mark style=\"background-color:rgba(0, 0, 0, 0)\" class=\"has-inline-color has-primary-color\"><strong>Privacy policy<br><\/strong><\/mark><\/p>\n\n\n\n<p>Titolare del trattamento Dott. ssa Valentina Carola, viale Paul Harris 12 abano terme (PD), Italia garantisce il rispetto della disciplina in materia di protezione dei dati personali come da art. 13 Regolamento UE n. 2016\/679 (in seguito, \u201cGDPR\u201d),<br>I dati personali forniti dall\u2019utente sono raccolti e trattati per le seguenti finalit\u00e0:<br>a) per lo svolgimento delle attivit\u00e0 di relazione con il cliente in base agli accordi contrattuali;<br>b) per finalit\u00e0 amministrative e per l\u2019adempimento di obblighi di legge quali ad esempio quelli di<br>natura contabile, fiscale, o per dar corso a richieste dell\u2019autorit\u00e0 giudiziaria;<br>g) in presenza di area shop\/vendita on line, per l\u2019adempimento della vendita e delle attivit\u00e0<br>contrattuali, e per poter spedire eventuali prodotti o servizi, omaggi, cataloghi o report.<br>La base giuridica che legittima il trattamento \u00e8 l\u2019esecuzione di un contratto di cui l\u2019interessato \u00e8<br>parte o l\u2019esecuzione di misure precontrattuali adottate su richiesta dello stesso. Nei casi<br>espressamente indicati la base giuridica \u00e8 il consenso liberamente fornito dall\u2019interessato.<br>Modalit\u00e0 di trattamento e tempi di conservazione dei dati<br>I dati raccolti saranno trattati mediante strumenti elettronici o comunque automatizzati,<br>informatici e telematici, o mediante elaborazioni manuali con logiche strettamente correlate alle<br>finalit\u00e0 per le quali i dati personali sono stati raccolti e, comunque, in modo da garantire in ogni<br>caso la sicurezza dei medesimi. I dati vengono conservati per il tempo strettamente necessario<br>alla gestione delle finalit\u00e0 per le quali i dati stessi sono raccolti nel rispetto delle norme vigenti e<br>degli obblighi di legge.<br>In ogni caso il Titolare pratica regole che impediscono la conservazione dei dati a tempo<br>indeterminato e limita quindi il tempo di conservazione nel rispetto del principio di<br>minimizzazione del trattamento dei dati.<br>Soggetti autorizzati al trattamento, responsabili e comunicazione dei dati<br>Il trattamento dei dati raccolti \u00e8 effettuato da personale interno dell\u2019azienda a tal fine individuato<br>e autorizzato del trattamento secondo specifiche istruzioni impartite nel rispetto della normativa<br>vigente.<br>I dati raccolti, qualora sia necessario o strumentale per l\u2019esecuzione delle indicate finalit\u00e0,<br>potranno essere trattati da terzi nominati Responsabili esterni del trattamento, ovvero, a seconda<br>dei casi, comunicati agli stessi quali autonomi titolari, e precisamente:<br>persone, societ\u00e0, associazioni o studi professionali che prestino attivit\u00e0 di assistenza e<br>consulenza alla nostra Societ\u00e0;<br>societ\u00e0, enti, associazioni che svolgono servizi connessi e strumentali alla esecuzione delle finalit\u00e0<br>sopra indicate (servizio di analisi e ricerche di mercato, gestione pagamenti tramite carta di<br>credito, manutenzione dei sistemi informatici).<br>In ogni caso, i dati personali non saranno mai ceduti o diffusi.<\/p>\n\n\n\n<p>In ogni momento \u00e8 possibile accedere ai dati, opporsi al trattamento o chiedere la cancellazione, la modifica o l\u2019aggiornamento di tutte le informazioni personali raccolte dal Titolare, esercitando il diritto alla limitazione del trattamento e il diritto alla portabilit\u00e0 dei dati, inviando un\u2019e-mail all\u2019indirizzo naturaspirituale@gmail.com<br>L&#8217;attivit\u00e0 di Valentina non si sostituisce a quella del medico e non si occupa di curare patologie n\u00e8 di natura fisica, n\u00e8 di natura psichica, n\u00e8 di altra natura<br>I versamenti gi\u00e0 effettuati non sono rimborsabili per alcun motivo, tranne nel caso in cui<br>il servizio o l&#8217;articolo non sia possibile da compiere<br>La scelta della spedizione del pacco senza tracciamento prevede che Valentina non abbia alcun obbligo di rimborso, ma si far\u00e0 il possibile per cercarlo<br>La prenotazione e lo svolgimento dei trattamenti, dei corsi, degli incontri e l&#8217;acquisto degli articoli dello shop si considerano come avvenuta accettazione della presente privacy policy<\/p>\n<\/blockquote>\n\n\n\n<h2 class=\"wp-block-heading\"><strong>English version Privacy Policy<\/strong><\/h2>\n\n\n\n<p>Holder of the treatment Dr. Valentina Carola, viale Paul Harris 12 abano terme (PD), Italy guarantees compliance with the regulations on the protection of personal data as per art. 13 EU Regulation no. 2016\/679 (hereinafter, &#8220;GDPR&#8221;), The personal data provided by the user is collected and processed for the following purposes: a) for carrying out customer relationship activities on the basis of contractual agreements; b) for administrative purposes and for the fulfillment of legal obligations such as, for example, those of accounting, tax nature, or to carry out requests from the judicial authority; g) in the presence of an online shop\/sale area, for the fulfillment of the sale and activities contracts, and to be able to ship any products or services, gifts, catalogs or reports. The legal basis that legitimizes the processing is the execution of a contract of which the interested party is party or the execution of pre-contractual measures adopted at the request of the same. In cases expressly indicated, the legal basis is the consent freely given by the interested party. Processing methods and data retention times The data collected will be processed using electronic or automated means, IT and telematics, or through manual processing with logic strictly related to purposes for which the personal data were collected and, in any case, in such a way as to guarantee case their safety. The data is kept for the time strictly necessary the management of the purposes for which the data are collected in compliance with current regulations e of legal obligations. <\/p>\n\n\n\n<p>In any case, the Data Controller implements rules that prevent the retention of data over time<br>indefinite and therefore limits the storage time in compliance with the principle of<br>minimization of data processing.<br>Persons authorized to process, data processors and communication<br>The processing of the data collected is carried out by internal personnel of the company identified for this purpose<br>and authorized for processing according to specific instructions given in compliance with the law<br>current.<br>The data collected, if it is necessary or instrumental for the execution of the indicated purposes,<br>may be processed by third parties appointed as external data processors, or, depending on<br>of the cases, communicated to them as autonomous owners, namely:<br>people, companies, associations or professional firms that provide assistance e<br>advice to our Company;<br>companies, bodies, associations that perform services connected and instrumental to the execution of the purposes<br>indicated above (market analysis and research service, management of card payments<br>credit, maintenance of IT systems).<br>In any case, personal data will never be transferred or disclosed.<\/p>\n\n\n\n<p>At any time it is possible to access the data, oppose the treatment or request the cancellation, modification or updating of all personal information collected by the Data Controller, exercising the right to limitation of treatment and the right to data portability, by sending an e-mail at naturaspirituale@gmail.com<br>Valentina&#8217;s activity does not replace that of a doctor and does not deal with treating pathologies of a physical, mental or other nature<br>Payments already made are non-refundable for any reason, except in the event that<br>the service or item is not possible to perform<br>Choosing to ship the package without tracking means that Valentina has no obligation to refund, but every effort will be made to look for it<br>The booking and carrying out of treatments, courses, meetings and the purchase of shop items are considered acceptance of this privacy policy.<\/p>\n<\/div><\/div>\n","protected":false},"excerpt":{"rendered":"","protected":false},"author":2,"featured_media":0,"parent":0,"menu_order":0,"comment_status":"closed","ping_status":"closed","template":"","meta":{"_eb_attr":"","footnotes":""},"class_list":["post-3611","page","type-page","status-publish","hentry","entry"],"_links":{"self":[{"href":"https:\/\/naturaspirituale.it\/index.php\/wp-json\/wp\/v2\/pages\/3611","targetHints":{"allow":["GET"]}}],"collection":[{"href":"https:\/\/naturaspirituale.it\/index.php\/wp-json\/wp\/v2\/pages"}],"about":[{"href":"https:\/\/naturaspirituale.it\/index.php\/wp-json\/wp\/v2\/types\/page"}],"author":[{"embeddable":true,"href":"https:\/\/naturaspirituale.it\/index.php\/wp-json\/wp\/v2\/users\/2"}],"replies":[{"embeddable":true,"href":"https:\/\/naturaspirituale.it\/index.php\/wp-json\/wp\/v2\/comments?post=3611"}],"version-history":[{"count":0,"href":"https:\/\/naturaspirituale.it\/index.php\/wp-json\/wp\/v2\/pages\/3611\/revisions"}],"wp:attachment":[{"href":"https:\/\/naturaspirituale.it\/index.php\/wp-json\/wp\/v2\/media?parent=3611"}],"curies":[{"name":"wp","href":"https:\/\/api.w.org\/{rel}","templated":true}]}}